{"id":3037,"date":"2024-11-30T10:23:36","date_gmt":"2024-11-30T15:23:36","guid":{"rendered":"https:\/\/coattitude.com\/?page_id=3037"},"modified":"2026-05-04T15:52:49","modified_gmt":"2026-05-04T19:52:49","slug":"tarifs","status":"publish","type":"page","link":"https:\/\/coattitude.com\/en_ca\/tarifs\/","title":{"rendered":"Rates"},"content":{"rendered":"\t\t<div data-elementor-type=\"wp-page\" data-elementor-id=\"3037\" class=\"elementor elementor-3037\" data-elementor-settings=\"{&quot;element_pack_global_tooltip_width&quot;:{&quot;unit&quot;:&quot;px&quot;,&quot;size&quot;:&quot;&quot;,&quot;sizes&quot;:[]},&quot;element_pack_global_tooltip_width_tablet&quot;:{&quot;unit&quot;:&quot;px&quot;,&quot;size&quot;:&quot;&quot;,&quot;sizes&quot;:[]},&quot;element_pack_global_tooltip_width_mobile&quot;:{&quot;unit&quot;:&quot;px&quot;,&quot;size&quot;:&quot;&quot;,&quot;sizes&quot;:[]},&quot;element_pack_global_tooltip_padding&quot;:{&quot;unit&quot;:&quot;px&quot;,&quot;top&quot;:&quot;&quot;,&quot;right&quot;:&quot;&quot;,&quot;bottom&quot;:&quot;&quot;,&quot;left&quot;:&quot;&quot;,&quot;isLinked&quot;:true},&quot;element_pack_global_tooltip_padding_tablet&quot;:{&quot;unit&quot;:&quot;px&quot;,&quot;top&quot;:&quot;&quot;,&quot;right&quot;:&quot;&quot;,&quot;bottom&quot;:&quot;&quot;,&quot;left&quot;:&quot;&quot;,&quot;isLinked&quot;:true},&quot;element_pack_global_tooltip_padding_mobile&quot;:{&quot;unit&quot;:&quot;px&quot;,&quot;top&quot;:&quot;&quot;,&quot;right&quot;:&quot;&quot;,&quot;bottom&quot;:&quot;&quot;,&quot;left&quot;:&quot;&quot;,&quot;isLinked&quot;:true},&quot;element_pack_global_tooltip_border_radius&quot;:{&quot;unit&quot;:&quot;px&quot;,&quot;top&quot;:&quot;&quot;,&quot;right&quot;:&quot;&quot;,&quot;bottom&quot;:&quot;&quot;,&quot;left&quot;:&quot;&quot;,&quot;isLinked&quot;:true},&quot;element_pack_global_tooltip_border_radius_tablet&quot;:{&quot;unit&quot;:&quot;px&quot;,&quot;top&quot;:&quot;&quot;,&quot;right&quot;:&quot;&quot;,&quot;bottom&quot;:&quot;&quot;,&quot;left&quot;:&quot;&quot;,&quot;isLinked&quot;:true},&quot;element_pack_global_tooltip_border_radius_mobile&quot;:{&quot;unit&quot;:&quot;px&quot;,&quot;top&quot;:&quot;&quot;,&quot;right&quot;:&quot;&quot;,&quot;bottom&quot;:&quot;&quot;,&quot;left&quot;:&quot;&quot;,&quot;isLinked&quot;:true}}\" data-elementor-post-type=\"page\">\n\t\t\t\t<div class=\"elementor-element elementor-element-4af5174 e-flex e-con-boxed e-con e-parent\" data-id=\"4af5174\" data-element_type=\"container\" data-e-type=\"container\">\n\t\t\t\t\t<div class=\"e-con-inner\">\n\t\t\t\t<div class=\"elementor-element elementor-element-e0169eb elementor-widget elementor-widget-heading\" data-id=\"e0169eb\" data-element_type=\"widget\" data-e-type=\"widget\" data-widget_type=\"heading.default\">\n\t\t\t\t<div class=\"elementor-widget-container\">\n\t\t\t\t\t<h1 class=\"elementor-heading-title elementor-size-default\">Prise de rendez-vous - clinique CoAttitude<br>                 Et si vous choississiez enfin votre bien \u00eatre en sant\u00e9<\/h1>\t\t\t\t<\/div>\n\t\t\t\t<\/div>\n\t\t\t\t\t<\/div>\n\t\t\t\t<\/div>\n\t\t<div class=\"elementor-element elementor-element-662beb3 e-flex e-con-boxed e-con e-parent\" data-id=\"662beb3\" data-element_type=\"container\" data-e-type=\"container\">\n\t\t\t\t\t<div class=\"e-con-inner\">\n\t\t\t\t<div class=\"elementor-element elementor-element-15a0779 elementor-widget elementor-widget-text-editor\" data-id=\"15a0779\" data-element_type=\"widget\" data-e-type=\"widget\" data-widget_type=\"text-editor.default\">\n\t\t\t\t<div class=\"elementor-widget-container\">\n\t\t\t\t\t\t\t\t\t<p>\u00a0<\/p><p><a href=\"https:\/\/clients3.clicsante.ca\/65682?portalEst=456145&amp;lang=fr\">1\u00e8re consultation m\u00e9decine de l&rsquo;ob\u00e9sit\u00e9, gestion du poids, RDV pr\u00e9sentiel 90 min \u2013 411$\u00a0 <em>disponible sur demande<\/em><\/a><\/p><p><strong><a href=\"https:\/\/clients3.clicsante.ca\/65682?portalEst=454431&amp;lang=fr\">1\u00e8re consultation m\u00e9decine de l&rsquo;ob\u00e9sit\u00e9, gestion du poids, RDV visioconf\u00e9rence 90 min \u2013 365$<\/a><\/strong><\/p><p>\u00a0<\/p><p><a href=\"https:\/\/clients3.clicsante.ca\/65682?portalEst=456146&amp;lang=fr\">Suivis &#8211; Consultation m\u00e9decine de l&rsquo;ob\u00e9sit\u00e9, gestion du poids, RDV pr\u00e9sentiel 50 min \u2013 351$ Tx incl\u00a0 <em>disponible sur demande<\/em><\/a><\/p><p><strong><a href=\"https:\/\/clients3.clicsante.ca\/65682?portalEst=454408&amp;lang=fr\">Suivis &#8211; Consultation m\u00e9decine de l&rsquo;ob\u00e9sit\u00e9, gestion du poids, RDV visioconf\u00e9rence 50 min \u2013 305$ Tx incl<\/a><\/strong><\/p><p>\u00a0<\/p><p>\u00a0<\/p><p><a href=\"https:\/\/clients3.clicsante.ca\/65682?portalEst=454747&amp;lang=fr\">Hypnoth\u00e9rapie clinique en lien avec la gestion du poids et les probl\u00e9matiques annexes &#8211; Pr\u00e9sentiel \u2013 351$ Tx incl <em>disponible sur demande<\/em><\/a><\/p><p><strong><a href=\"https:\/\/clients3.clicsante.ca\/65682?portalEst=454746&amp;lang=fr\">Hypnoth\u00e9rapie clinique en lien avec la gestion du poids et les probl\u00e9matiques annexes &#8211; Visioconf\u00e9rence \u2013 305$ Tx incl<\/a><\/strong><\/p>\t\t\t\t\t\t\t\t<\/div>\n\t\t\t\t<\/div>\n\t\t\t\t\t<\/div>\n\t\t\t\t<\/div>\n\t\t\t\t<div class=\"elementor-section elementor-top-section elementor-element elementor-element-c6b65c5 elementor-section-boxed elementor-section-height-default elementor-section-height-default\" data-id=\"c6b65c5\" data-element_type=\"section\" data-e-type=\"section\" data-settings=\"{&quot;background_background&quot;:&quot;classic&quot;}\">\n\t\t\t\t\t\t<div class=\"elementor-container elementor-column-gap-no\">\n\t\t\t\t\t<div class=\"elementor-column elementor-col-100 elementor-top-column elementor-element elementor-element-edd38fa\" data-id=\"edd38fa\" data-element_type=\"column\" data-e-type=\"column\">\n\t\t\t<div class=\"elementor-widget-wrap elementor-element-populated\">\n\t\t\t\t\t\t<div class=\"elementor-element elementor-element-4d3f645 elementor-widget__width-initial elementor-widget elementor-widget-shortcode\" data-id=\"4d3f645\" data-element_type=\"widget\" data-e-type=\"widget\" data-widget_type=\"shortcode.default\">\n\t\t\t\t<div class=\"elementor-widget-container\">\n\t\t\t\t\t\t\t<div class=\"elementor-shortcode\"><style id=\"wpforms-css-vars-4086\">\n\t\t\t\t#wpforms-4086 {\n\t\t\t\t--wpforms-field-size-input-height: 43px;\n--wpforms-field-size-input-spacing: 15px;\n--wpforms-field-size-font-size: 16px;\n--wpforms-field-size-line-height: 19px;\n--wpforms-field-size-padding-h: 14px;\n--wpforms-field-size-checkbox-size: 16px;\n--wpforms-field-size-sublabel-spacing: 5px;\n--wpforms-field-size-icon-size: 1;\n--wpforms-label-size-font-size: 16px;\n--wpforms-label-size-line-height: 19px;\n--wpforms-label-size-sublabel-font-size: 14px;\n--wpforms-label-size-sublabel-line-height: 17px;\n--wpforms-button-size-font-size: 17px;\n--wpforms-button-size-height: 41px;\n--wpforms-button-size-padding-h: 15px;\n--wpforms-button-size-margin-top: 10px;\n--wpforms-container-shadow-size-box-shadow: none;\n\t\t\t}\n\t\t\t<\/style><div class=\"wpforms-container wpforms-container-full custom-form-btn wpforms-render-modern\" id=\"wpforms-4086\"><form id=\"wpforms-form-4086\" class=\"wpforms-validate wpforms-form wpforms-ajax-form\" data-formid=\"4086\" method=\"post\" enctype=\"multipart\/form-data\" action=\"\/en_ca\/wp-json\/wp\/v2\/pages\/3037\" data-token=\"b5f7209312801a557d16b06e54ec6958\" data-token-time=\"1778001647\"><noscript class=\"wpforms-error-noscript\">Please enable JavaScript in your browser to complete this form.<\/noscript><div id=\"wpforms-error-noscript\" style=\"display: none;\">Please enable JavaScript in your browser to complete this form.<\/div><div class=\"wpforms-field-container\"><div id=\"wpforms-4086-field_18-container\" class=\"wpforms-field wpforms-field-html\" data-field-id=\"18\"><div id=\"wpforms-4086-field_18\" aria-errormessage=\"wpforms-4086-field_18-error\"><h1>Programmes et tarifs \u2013 clinique CoAttitude<\/h1><h1><\/h1><\/div><\/div>\t\t<div id=\"wpforms-4086-field_1-container\"\n\t\t\tclass=\"wpforms-field wpforms-field-text\"\n\t\t\tdata-field-type=\"text\"\n\t\t\tdata-field-id=\"1\"\n\t\t\t>\n\t\t\t<label class=\"wpforms-field-label\" for=\"wpforms-4086-field_1\" ><\/label>\n\t\t\t<input type=\"text\" id=\"wpforms-4086-field_1\" class=\"wpforms-field-medium\" name=\"wpforms[fields][1]\" >\n\t\t<\/div>\n\t\t<div id=\"wpforms-4086-field_4-container\" class=\"wpforms-field wpforms-field-html\" data-field-id=\"4\"><div id=\"wpforms-4086-field_4\" aria-errormessage=\"wpforms-4086-field_4-error\"><h2>Programme avec Ballon Gastrique Allurion\u00ae<\/h2>\r\n\r\n<p>Le <strong>programme utilisant le ballon gastrique Allurion\u00ae<\/strong> est offert en m\u00e9decine priv\u00e9e avec la <strong>Dre S\u00e9verine Mazur<\/strong>.<\/p>\r\n<br \/>\r\n<p>Le <strong>premier rendez-vous<\/strong> est au tarif forfaitaire de <strong>365 $<\/strong>.<\/p>\r\n<br \/>\r\n<p>Pour plus de d\u00e9tails sur le <strong>prix du ballon Allurion\u00ae<\/strong> et le <strong>co\u00fbt global du programme<\/strong>, nous vous invitons \u00e0 <strong><a href=\"\/contact\">prendre contact avec la Dre S\u00e9verine Mazur<\/a><\/strong> afin d'\u00e9valuer ensemble vos besoins.<\/p>\r\n<br \/>\r\n<p>D\u00e9couvrez l'incroyable pouvoir du <a href=\"\/services\/ballon-allurion\/\">ballon gastrique Allurion\u00ae<\/a> dans notre ressource d\u00e9di\u00e9e.<\/p><\/div><\/div><div id=\"wpforms-4086-field_5-container\" class=\"wpforms-field wpforms-field-html\" data-field-id=\"5\"><div id=\"wpforms-4086-field_5\" aria-errormessage=\"wpforms-4086-field_5-error\"><h2>Programme en m\u00e9decine de l'ob\u00e9sit\u00e9<\/h2>\r\n\r\n<p>La <strong>clinique CoAttitude<\/strong>, sp\u00e9cialis\u00e9e en <strong>m\u00e9decine de l'ob\u00e9sit\u00e9 \u00e0 Montr\u00e9al<\/strong>, propose diff\u00e9rents suivis personnalis\u00e9s avec la <strong>Dre S\u00e9verine Mazur<\/strong>.<\/p>\r\n<br \/>\r\n<p>Chaque programme est con\u00e7u pour une perte de poids optimale et m\u00e9dicale. La clinique offre un chemin complet <strong>pour retrouver la sant\u00e9<\/strong>, en combinant \u00e9valuation m\u00e9dicale, coaching personnalis\u00e9 et approches compl\u00e9mentaires adapt\u00e9es \u00e0 votre situation.<\/p>\r\n<br \/>\r\n<p><em>SVP notez que pour les deux programmes, tous les montants sont non remboursables si vous ne vous pr\u00e9sentez pas ou si l'annulation n'a pas \u00e9t\u00e9 effectu\u00e9e au moins 72 heures \u00e0 l'avance.<\/em><\/p><\/div><\/div><script>\n\t\t\t\t( function() {\n\t\t\t\t\tconst style = document.createElement( 'style' );\n\t\t\t\t\tstyle.appendChild( document.createTextNode( '#wpforms-4086-field_1-container { position: absolute !important; overflow: hidden !important; display: inline !important; height: 1px !important; width: 1px !important; z-index: -1000 !important; padding: 0 !important; } #wpforms-4086-field_1-container input { visibility: hidden; } #wpforms-conversational-form-page #wpforms-4086-field_1-container label { counter-increment: none; }' ) );\n\t\t\t\t\tdocument.head.appendChild( style );\n\t\t\t\t\tdocument.currentScript?.remove();\n\t\t\t\t} )();\n\t\t\t<\/script><\/div><!-- .wpforms-field-container --><div class=\"wpforms-recaptcha-container wpforms-is-recaptcha wpforms-is-recaptcha-type-v3\" ><input type=\"hidden\" name=\"wpforms[recaptcha]\" value=\"\"><\/div><div class=\"wpforms-submit-container\" ><input type=\"hidden\" name=\"wpforms[id]\" value=\"4086\"><input type=\"hidden\" name=\"page_title\" value=\"\"><input type=\"hidden\" name=\"page_url\" value=\"https:\/\/coattitude.com\/en_ca\/wp-json\/wp\/v2\/pages\/3037\"><input type=\"hidden\" name=\"url_referer\" value=\"\"><button type=\"submit\" name=\"wpforms[submit]\" id=\"wpforms-submit-4086\" class=\"wpforms-submit custom-form-btn\" aria-live=\"assertive\" value=\"wpforms-submit\">Submit<\/button><img decoding=\"async\" src=\"https:\/\/coattitude.com\/wp-content\/plugins\/wpforms\/assets\/images\/submit-spin.svg\" class=\"wpforms-submit-spinner\" style=\"display: none;\" width=\"26\" height=\"26\" alt=\"Loading\"><\/div><\/form><\/div>  <!-- .wpforms-container --><\/div>\n\t\t\t\t\t\t<\/div>\n\t\t\t\t<\/div>\n\t\t\t\t\t<\/div>\n\t\t<\/div>\n\t\t\t\t\t<\/div>\n\t\t<\/div>\n\t\t<div class=\"elementor-element elementor-element-f334f4f e-flex e-con-boxed e-con e-parent\" data-id=\"f334f4f\" data-element_type=\"container\" data-e-type=\"container\">\n\t\t\t\t\t<div class=\"e-con-inner\">\n\t\t\t\t<div class=\"elementor-element elementor-element-c9b5ae7 elementor-widget__width-initial elementor-widget elementor-widget-text-editor\" data-id=\"c9b5ae7\" data-element_type=\"widget\" data-e-type=\"widget\" data-widget_type=\"text-editor.default\">\n\t\t\t\t<div class=\"elementor-widget-container\">\n\t\t\t\t\t\t\t\t\t<p><span style=\"font-weight: 400;\">\u00c0 la suite de votre premi\u00e8re consultation, la <\/span><b>Dre S\u00e9verine Mazur<\/b><span style=\"font-weight: 400;\"> met \u00e0 profit plus de 30 ans d\u2019exp\u00e9rience m\u00e9dicale pour analyser votre situation et vous recommander la d\u00e9marche la mieux adapt\u00e9e. <\/span><\/p><p><span style=\"font-weight: 400;\">Son approche bienveillante et structur\u00e9e vous assure un accompagnement personnalis\u00e9 \u00e0 chaque \u00e9tape. <\/span><\/p><p><span style=\"font-weight: 400;\">Vous avez votre plan de match bien en main pour votre parcours de poids et de sant\u00e9!<\/span><\/p>\t\t\t\t\t\t\t\t<\/div>\n\t\t\t\t<\/div>\n\t\t\t\t\t<\/div>\n\t\t\t\t<\/div>\n\t\t\t\t<section class=\"elementor-section elementor-top-section elementor-element elementor-element-8d61839 elementor-section-boxed elementor-section-height-default elementor-section-height-default\" data-id=\"8d61839\" data-element_type=\"section\" data-e-type=\"section\" data-settings=\"{&quot;background_background&quot;:&quot;classic&quot;}\">\n\t\t\t\t\t\t<div class=\"elementor-container elementor-column-gap-default\">\n\t\t\t\t\t<div class=\"elementor-column elementor-col-100 elementor-top-column elementor-element elementor-element-e8e690c\" data-id=\"e8e690c\" data-element_type=\"column\" data-e-type=\"column\">\n\t\t\t<div class=\"elementor-widget-wrap elementor-element-populated\">\n\t\t\t\t\t\t<div class=\"elementor-element elementor-element-79815b6  ui-split-animate ui-splitby-chars elementor-widget elementor-widget-heading\" data-id=\"79815b6\" data-element_type=\"widget\" data-e-type=\"widget\" data-settings=\"{&quot;ui_animate_split&quot;:&quot;ui-split-animate&quot;,&quot;ui_animate_split_style&quot;:&quot;fadeIn&quot;,&quot;ui_animate_split_by&quot;:&quot;chars&quot;}\" data-widget_type=\"heading.default\">\n\t\t\t\t<div class=\"elementor-widget-container\">\n\t\t\t\t\t<h2 class=\"elementor-heading-title elementor-size-default\">\u00c0 la recherche d'une r\u00e9ponse imm\u00e9diate ? <\/h2>\t\t\t\t<\/div>\n\t\t\t\t<\/div>\n\t\t\t\t<div class=\"elementor-element elementor-element-6951fb0 elementor-align-center elementor-widget elementor-widget-bdt-advanced-button\" data-id=\"6951fb0\" data-element_type=\"widget\" data-e-type=\"widget\" data-widget_type=\"bdt-advanced-button.default\">\n\t\t\t\t<div class=\"elementor-widget-container\">\n\t\t\t\t\t\t\t<div class=\"bdt-ep-button-wrapper\">\n\t\t\t<a href=\"https:\/\/coattitude.com\/faq\/\" class=\"bdt-ep-button bdt-ep-button-effect-b bdt-ep-button-size-md\">\n\t\t\t\t\t\t<div class=\"bdt-ep-button-content-wrapper bdt-flex bdt-flex-middle bdt-flex-center  \" data-text=\"FOIRE AUX QUESTIONS\">\n\t\t\t\n\t\t\t<div class=\"bdt-ep-button-text\">\n\n\t\t\t\t<span class=\"avdbtn-text\">\n\t\t\t\t\tFOIRE AUX QUESTIONS\t\t\t\t<\/span>\n\n\t\t\t\t\t\t\t<\/div>\n\n\t\t\t\n\t\t<\/div>\n\t\t\t\t\t<\/a>\n\t\t<\/div>\n\t\t\t\t\t\t<\/div>\n\t\t\t\t<\/div>\n\t\t\t\t\t<\/div>\n\t\t<\/div>\n\t\t\t\t\t<\/div>\n\t\t<\/section>\n\t\t\t\t<\/div>\n\t\t","protected":false},"excerpt":{"rendered":"<p>Prise de rendez-vous &#8211; clinique CoAttitude Et si vous choississiez enfin votre bien \u00eatre en sant\u00e9 \u00a0 1\u00e8re consultation m\u00e9decine de l&rsquo;ob\u00e9sit\u00e9, [&hellip;]<\/p>\n","protected":false},"author":1,"featured_media":0,"parent":0,"menu_order":0,"comment_status":"closed","ping_status":"closed","template":"","meta":{"footnotes":""},"class_list":["post-3037","page","type-page","status-publish","hentry"],"yoast_head":"<!-- This site is optimized with the Yoast SEO plugin v27.0 - https:\/\/yoast.com\/product\/yoast-seo-wordpress\/ -->\n<title>Tarifs - Clinique m\u00e9dicale CO-ATTITUDE<\/title>\n<meta name=\"description\" content=\"Dre S\u00e9verine Mazur se consacre \u00e0 la m\u00e9decine globale de l&#039;ob\u00e9sit\u00e9. Elle pratique au sein de sa Clinique m\u00e9dicale Co-Attitude.\" \/>\n<meta name=\"robots\" content=\"index, follow, max-snippet:-1, max-image-preview:large, max-video-preview:-1\" \/>\n<link rel=\"canonical\" href=\"https:\/\/coattitude.com\/en_ca\/tarifs\/\" \/>\n<meta property=\"og:locale\" content=\"en_US\" \/>\n<meta property=\"og:type\" content=\"article\" \/>\n<meta property=\"og:title\" content=\"Tarifs - Clinique m\u00e9dicale CO-ATTITUDE\" \/>\n<meta property=\"og:description\" content=\"Dre S\u00e9verine Mazur se consacre \u00e0 la m\u00e9decine globale de l&#039;ob\u00e9sit\u00e9. Elle pratique au sein de sa Clinique m\u00e9dicale Co-Attitude.\" \/>\n<meta property=\"og:url\" content=\"https:\/\/coattitude.com\/en_ca\/tarifs\/\" \/>\n<meta property=\"og:site_name\" content=\"Clinique m\u00e9dicale CO-ATTITUDE\" \/>\n<meta property=\"article:publisher\" content=\"https:\/\/www.facebook.com\/people\/CoAttitude\/\" \/>\n<meta property=\"article:modified_time\" content=\"2026-05-04T19:52:49+00:00\" \/>\n<meta name=\"twitter:card\" content=\"summary_large_image\" \/>\n<meta name=\"twitter:label1\" content=\"Est. reading time\" \/>\n\t<meta name=\"twitter:data1\" content=\"2 minutes\" \/>\n<script type=\"application\/ld+json\" class=\"yoast-schema-graph\">{\"@context\":\"https:\/\/schema.org\",\"@graph\":[{\"@type\":\"WebPage\",\"@id\":\"https:\/\/coattitude.com\/tarifs\/\",\"url\":\"https:\/\/coattitude.com\/tarifs\/\",\"name\":\"Tarifs - Clinique m\u00e9dicale CO-ATTITUDE\",\"isPartOf\":{\"@id\":\"https:\/\/coattitude.com\/#website\"},\"datePublished\":\"2024-11-30T15:23:36+00:00\",\"dateModified\":\"2026-05-04T19:52:49+00:00\",\"description\":\"Dre S\u00e9verine Mazur se consacre \u00e0 la m\u00e9decine globale de l'ob\u00e9sit\u00e9. Elle pratique au sein de sa Clinique m\u00e9dicale Co-Attitude.\",\"breadcrumb\":{\"@id\":\"https:\/\/coattitude.com\/tarifs\/#breadcrumb\"},\"inLanguage\":\"en-CA\",\"potentialAction\":[{\"@type\":\"ReadAction\",\"target\":[\"https:\/\/coattitude.com\/tarifs\/\"]}]},{\"@type\":\"BreadcrumbList\",\"@id\":\"https:\/\/coattitude.com\/tarifs\/#breadcrumb\",\"itemListElement\":[{\"@type\":\"ListItem\",\"position\":1,\"name\":\"Accueil\",\"item\":\"https:\/\/coattitude.com\/\"},{\"@type\":\"ListItem\",\"position\":2,\"name\":\"Tarifs\"}]},{\"@type\":\"WebSite\",\"@id\":\"https:\/\/coattitude.com\/#website\",\"url\":\"https:\/\/coattitude.com\/\",\"name\":\"Clinique m\u00e9dicale CO-ATTITUDE\",\"description\":\"Clinique sp\u00e9cialis\u00e9e en m\u00e9decine globale de l\u2019ob\u00e9sit\u00e9\",\"publisher\":{\"@id\":\"https:\/\/coattitude.com\/#organization\"},\"potentialAction\":[{\"@type\":\"SearchAction\",\"target\":{\"@type\":\"EntryPoint\",\"urlTemplate\":\"https:\/\/coattitude.com\/?s={search_term_string}\"},\"query-input\":{\"@type\":\"PropertyValueSpecification\",\"valueRequired\":true,\"valueName\":\"search_term_string\"}}],\"inLanguage\":\"en-CA\"},{\"@type\":\"Organization\",\"@id\":\"https:\/\/coattitude.com\/#organization\",\"name\":\"Clinique m\u00e9dicale CO-ATTITUDE\",\"url\":\"https:\/\/coattitude.com\/\",\"logo\":{\"@type\":\"ImageObject\",\"inLanguage\":\"en-CA\",\"@id\":\"https:\/\/coattitude.com\/#\/schema\/logo\/image\/\",\"url\":\"https:\/\/coattitude.com\/wp-content\/uploads\/2024\/10\/coattitude_logo_couleur_06.svg\",\"contentUrl\":\"https:\/\/coattitude.com\/wp-content\/uploads\/2024\/10\/coattitude_logo_couleur_06.svg\",\"width\":\"1024\",\"height\":\"1024\",\"caption\":\"Clinique m\u00e9dicale CO-ATTITUDE\"},\"image\":{\"@id\":\"https:\/\/coattitude.com\/#\/schema\/logo\/image\/\"},\"sameAs\":[\"https:\/\/www.facebook.com\/people\/CoAttitude\/\"]}]}<\/script>\n<!-- \/ Yoast SEO plugin. -->","yoast_head_json":{"title":"Rates - CO-ATTITUDE medical clinic","description":"Dr S\u00e9verine Mazur is dedicated to comprehensive obesity medicine. She practices at her Co-Attitude Medical Clinic.","robots":{"index":"index","follow":"follow","max-snippet":"max-snippet:-1","max-image-preview":"max-image-preview:large","max-video-preview":"max-video-preview:-1"},"canonical":"https:\/\/coattitude.com\/en_ca\/tarifs\/","og_locale":"en_US","og_type":"article","og_title":"Tarifs - Clinique m\u00e9dicale CO-ATTITUDE","og_description":"Dre S\u00e9verine Mazur se consacre \u00e0 la m\u00e9decine globale de l'ob\u00e9sit\u00e9. Elle pratique au sein de sa Clinique m\u00e9dicale Co-Attitude.","og_url":"https:\/\/coattitude.com\/en_ca\/tarifs\/","og_site_name":"Clinique m\u00e9dicale CO-ATTITUDE","article_publisher":"https:\/\/www.facebook.com\/people\/CoAttitude\/","article_modified_time":"2026-05-04T19:52:49+00:00","twitter_card":"summary_large_image","twitter_misc":{"Est. reading time":"2 minutes"},"schema":{"@context":"https:\/\/schema.org","@graph":[{"@type":"WebPage","@id":"https:\/\/coattitude.com\/tarifs\/","url":"https:\/\/coattitude.com\/tarifs\/","name":"Rates - CO-ATTITUDE medical clinic","isPartOf":{"@id":"https:\/\/coattitude.com\/#website"},"datePublished":"2024-11-30T15:23:36+00:00","dateModified":"2026-05-04T19:52:49+00:00","description":"Dr S\u00e9verine Mazur is dedicated to comprehensive obesity medicine. She practices at her Co-Attitude Medical Clinic.","breadcrumb":{"@id":"https:\/\/coattitude.com\/tarifs\/#breadcrumb"},"inLanguage":"en-CA","potentialAction":[{"@type":"ReadAction","target":["https:\/\/coattitude.com\/tarifs\/"]}]},{"@type":"BreadcrumbList","@id":"https:\/\/coattitude.com\/tarifs\/#breadcrumb","itemListElement":[{"@type":"ListItem","position":1,"name":"Accueil","item":"https:\/\/coattitude.com\/"},{"@type":"ListItem","position":2,"name":"Tarifs"}]},{"@type":"WebSite","@id":"https:\/\/coattitude.com\/#website","url":"https:\/\/coattitude.com\/","name":"CO-ATTITUDE Medical Clinic","description":"Clinic specializing in global obesity medicine","publisher":{"@id":"https:\/\/coattitude.com\/#organization"},"potentialAction":[{"@type":"SearchAction","target":{"@type":"EntryPoint","urlTemplate":"https:\/\/coattitude.com\/?s={search_term_string}"},"query-input":{"@type":"PropertyValueSpecification","valueRequired":true,"valueName":"search_term_string"}}],"inLanguage":"en-CA"},{"@type":"Organization","@id":"https:\/\/coattitude.com\/#organization","name":"CO-ATTITUDE Medical Clinic","url":"https:\/\/coattitude.com\/","logo":{"@type":"ImageObject","inLanguage":"en-CA","@id":"https:\/\/coattitude.com\/#\/schema\/logo\/image\/","url":"https:\/\/coattitude.com\/wp-content\/uploads\/2024\/10\/coattitude_logo_couleur_06.svg","contentUrl":"https:\/\/coattitude.com\/wp-content\/uploads\/2024\/10\/coattitude_logo_couleur_06.svg","width":"1024","height":"1024","caption":"Clinique m\u00e9dicale CO-ATTITUDE"},"image":{"@id":"https:\/\/coattitude.com\/#\/schema\/logo\/image\/"},"sameAs":["https:\/\/www.facebook.com\/people\/CoAttitude\/"]}]}},"_links":{"self":[{"href":"https:\/\/coattitude.com\/en_ca\/wp-json\/wp\/v2\/pages\/3037","targetHints":{"allow":["GET"]}}],"collection":[{"href":"https:\/\/coattitude.com\/en_ca\/wp-json\/wp\/v2\/pages"}],"about":[{"href":"https:\/\/coattitude.com\/en_ca\/wp-json\/wp\/v2\/types\/page"}],"author":[{"embeddable":true,"href":"https:\/\/coattitude.com\/en_ca\/wp-json\/wp\/v2\/users\/1"}],"replies":[{"embeddable":true,"href":"https:\/\/coattitude.com\/en_ca\/wp-json\/wp\/v2\/comments?post=3037"}],"version-history":[{"count":21,"href":"https:\/\/coattitude.com\/en_ca\/wp-json\/wp\/v2\/pages\/3037\/revisions"}],"predecessor-version":[{"id":4142,"href":"https:\/\/coattitude.com\/en_ca\/wp-json\/wp\/v2\/pages\/3037\/revisions\/4142"}],"wp:attachment":[{"href":"https:\/\/coattitude.com\/en_ca\/wp-json\/wp\/v2\/media?parent=3037"}],"curies":[{"name":"wp","href":"https:\/\/api.w.org\/{rel}","templated":true}]}}